{"id":474,"date":"2017-01-02T08:28:52","date_gmt":"2017-01-02T08:28:52","guid":{"rendered":"https:\/\/demo.themegrill.com\/flash-default-2\/?page_id=5"},"modified":"2024-10-02T07:56:13","modified_gmt":"2024-10-02T07:56:13","slug":"home","status":"publish","type":"page","link":"https:\/\/www.biogascyl.info\/","title":{"rendered":"BIOGASCyL"},"content":{"rendered":"<div id=\"pl-474\"  class=\"panel-layout\" ><div id=\"pg-474-0\"  class=\"panel-grid panel-has-style\" ><div class=\"panel-row-style panel-row-style-for-474-0\" ><div id=\"pgc-474-0-0\"  class=\"panel-grid-cell panel-grid-cell-empty\" ><\/div><div id=\"pgc-474-0-1\"  class=\"panel-grid-cell panel-grid-cell-mobile-last\" ><div id=\"panel-474-0-1-0\" class=\"so-panel widget widget_media_image panel-first-child panel-last-child\" data-index=\"0\" ><div class=\"so-rounded panel-widget-style panel-widget-style-for-474-0-1-0\" ><img loading=\"lazy\" decoding=\"async\" width=\"780\" height=\"313\" src=\"https:\/\/www.biogascyl.info\/wp-content\/uploads\/2024\/09\/2301.i105.004.S.m005.c13.isometric-biogas-infographics-1024x411.jpg\" class=\"image wp-image-694  attachment-large size-large\" alt=\"\" style=\"max-width: 100%; height: auto;\" srcset=\"https:\/\/www.biogascyl.info\/wp-content\/uploads\/2024\/09\/2301.i105.004.S.m005.c13.isometric-biogas-infographics-1024x411.jpg 1024w, https:\/\/www.biogascyl.info\/wp-content\/uploads\/2024\/09\/2301.i105.004.S.m005.c13.isometric-biogas-infographics-300x121.jpg 300w, https:\/\/www.biogascyl.info\/wp-content\/uploads\/2024\/09\/2301.i105.004.S.m005.c13.isometric-biogas-infographics-768x309.jpg 768w, https:\/\/www.biogascyl.info\/wp-content\/uploads\/2024\/09\/2301.i105.004.S.m005.c13.isometric-biogas-infographics-1536x617.jpg 1536w, https:\/\/www.biogascyl.info\/wp-content\/uploads\/2024\/09\/2301.i105.004.S.m005.c13.isometric-biogas-infographics-2048x823.jpg 2048w, https:\/\/www.biogascyl.info\/wp-content\/uploads\/2024\/09\/2301.i105.004.S.m005.c13.isometric-biogas-infographics-600x241.jpg 600w\" sizes=\"(max-width: 780px) 100vw, 780px\" \/><\/div><\/div><\/div><div id=\"pgc-474-0-2\"  class=\"panel-grid-cell panel-grid-cell-empty\" ><\/div><\/div><\/div><div id=\"pg-474-1\"  class=\"panel-grid panel-has-style\" ><div class=\"panel-row-style panel-row-style-for-474-1\" ><div id=\"pgc-474-1-0\"  class=\"panel-grid-cell\" ><div id=\"panel-474-1-0-0\" class=\"so-panel widget widget_themegrill_flash_service tg-widget tg-single-service panel-first-child panel-last-child\" data-index=\"1\" >\n<div class=\"tg-service-widget tg-service-layout-1\">\n\t<div class=\"service-wrapper\">\n\t\t<div class=\"service-icon-title-wrapper clearfix\">\n\t\t\t\t\t\t<div class=\"service-icon-wrap\"><i class=\"fa fa-cog\"><\/i><\/div>\n\t\t\t\t\t\t\t\t\t\t\t\t<h3 class=\"service-title-wrap\">\n\t\t\t\t\u00c1REA DE INTEVENCI\u00d3N\t\t\t\t\t\t\t<\/h3>\n\t\t\t\t\t<\/div>\n\t\t\t\t<div class=\"service-content-wrap\">El \u00e1rea de estudio donde se realiza el proyecto es Castilla y Le\u00f3n.\n<\/div>\n\t\t\t\t\t<\/div>\n<\/div>\n<\/div><\/div><div id=\"pgc-474-1-1\"  class=\"panel-grid-cell\" ><div id=\"panel-474-1-1-0\" class=\"so-panel widget widget_themegrill_flash_service tg-widget tg-single-service panel-first-child panel-last-child\" data-index=\"2\" >\n<div class=\"tg-service-widget tg-service-layout-1\">\n\t<div class=\"service-wrapper\">\n\t\t<div class=\"service-icon-title-wrapper clearfix\">\n\t\t\t\t\t\t<div class=\"service-icon-wrap\"><i class=\"fa fa-support\"><\/i><\/div>\n\t\t\t\t\t\t\t\t\t\t\t\t<h3 class=\"service-title-wrap\">\n\t\t\t\tOBJETIVOS\t\t\t\t\t\t\t<\/h3>\n\t\t\t\t\t<\/div>\n\t\t\t\t<div class=\"service-content-wrap\">Objetivo general:  Promover la ecoeficiencia de los recursos y el futuro desarrollo del sector del biog\u00e1s &amp; biometano a partir de residuos org\u00e1nicos en Castilla y Le\u00f3n.<\/div>\n\t\t\t\t\t<\/div>\n<\/div>\n<\/div><\/div><div id=\"pgc-474-1-2\"  class=\"panel-grid-cell\" ><div id=\"panel-474-1-2-0\" class=\"so-panel widget widget_themegrill_flash_service tg-widget tg-single-service panel-first-child panel-last-child\" data-index=\"3\" >\n<div class=\"tg-service-widget tg-service-layout-1\">\n\t<div class=\"service-wrapper\">\n\t\t<div class=\"service-icon-title-wrapper clearfix\">\n\t\t\t\t\t\t<div class=\"service-icon-wrap\"><i class=\"fa fa-chrome\"><\/i><\/div>\n\t\t\t\t\t\t\t\t\t\t\t\t<h3 class=\"service-title-wrap\">\n\t\t\t\tACCIONES\t\t\t\t\t\t\t<\/h3>\n\t\t\t\t\t<\/div>\n\t\t\t\t<div class=\"service-content-wrap\">Acciones innovadoras para la consecuci\u00f3n de objetivos: elementos de s\u00edntesis.<\/div>\n\t\t\t\t\t<\/div>\n<\/div>\n<\/div><\/div><\/div><\/div><div id=\"pg-474-2\"  class=\"panel-grid panel-has-style\" ><div class=\"so-parallax siteorigin-panels-stretch panel-row-style panel-row-style-for-474-2\" data-stretch-type=\"full-width-stretch\" ><div id=\"pgc-474-2-0\"  class=\"panel-grid-cell\" ><div id=\"panel-474-2-0-0\" class=\"so-panel widget widget_themegrill_flash_cta tg-widget call-to-action-section panel-first-child panel-last-child\" data-index=\"4\" ><div class=\"flash_inherit_color panel-widget-style panel-widget-style-for-474-2-0-0\" ><div class=\"cta-wrapper call-to-action-section-layout-1\">\n\t<div class=\"section-title-wrapper\">\n\t\t\t\t<h3 class=\"section-title\">Estudio | Estrategia Regional<\/h3>\n\t\t\t<\/div>\n\t\t<div class=\"btn-wrapper\">\n\t\t\t\t<a class=\"btn\" href=\"\/?page_id=616\">VISOR POTENCIAL RECURSOS M.O.<\/a>\n\t\t\t\t\t\t<a class=\"btn\" href=\"\/?page_id=618\">CUADRO DE MANDOS ESTUDIO RECURSO \u2013 DEMANDA<\/a>\n\t\t\t<\/div>\n\t<\/div>\n<\/div><\/div><\/div><\/div><\/div><\/div>","protected":false},"excerpt":{"rendered":"<p>\u00c1REA DE INTEVENCI\u00d3N El \u00e1rea de estudio donde se realiza el proyecto es Castilla y Le\u00f3n. OBJETIVOS Objetivo general: Promover [&hellip;]<\/p>\n","protected":false},"author":1,"featured_media":0,"parent":0,"menu_order":0,"comment_status":"closed","ping_status":"closed","template":"","meta":{"footnotes":""},"class_list":["post-474","page","type-page","status-publish","hentry"],"_links":{"self":[{"href":"https:\/\/www.biogascyl.info\/index.php?rest_route=\/wp\/v2\/pages\/474"}],"collection":[{"href":"https:\/\/www.biogascyl.info\/index.php?rest_route=\/wp\/v2\/pages"}],"about":[{"href":"https:\/\/www.biogascyl.info\/index.php?rest_route=\/wp\/v2\/types\/page"}],"author":[{"embeddable":true,"href":"https:\/\/www.biogascyl.info\/index.php?rest_route=\/wp\/v2\/users\/1"}],"replies":[{"embeddable":true,"href":"https:\/\/www.biogascyl.info\/index.php?rest_route=%2Fwp%2Fv2%2Fcomments&post=474"}],"version-history":[{"count":86,"href":"https:\/\/www.biogascyl.info\/index.php?rest_route=\/wp\/v2\/pages\/474\/revisions"}],"predecessor-version":[{"id":786,"href":"https:\/\/www.biogascyl.info\/index.php?rest_route=\/wp\/v2\/pages\/474\/revisions\/786"}],"wp:attachment":[{"href":"https:\/\/www.biogascyl.info\/index.php?rest_route=%2Fwp%2Fv2%2Fmedia&parent=474"}],"curies":[{"name":"wp","href":"https:\/\/api.w.org\/{rel}","templated":true}]}}