{"id":609,"date":"2024-09-27T13:52:14","date_gmt":"2024-09-27T13:52:14","guid":{"rendered":"http:\/\/www.biogascyl.info\/?page_id=609"},"modified":"2024-10-01T07:37:09","modified_gmt":"2024-10-01T07:37:09","slug":"presentacion","status":"publish","type":"page","link":"https:\/\/www.biogascyl.info\/?page_id=609","title":{"rendered":"Presentaci\u00f3n"},"content":{"rendered":"<p>El objetivo de esta web es difundir informaci\u00f3n t\u00e9cnica sobre el futuro desarrollo del sector del biogas &amp; biometano a partir de residuos org\u00e1nicos en Castilla y Le\u00f3n.<\/p>\n<p>La especializaci\u00f3n en la investigaci\u00f3n y an\u00e1lisis exhaustivo de la viabilidad y el potencial del biog\u00e1s como recurso energ\u00e9tico, nos ha llevado a la realizaci\u00f3n de un estudio que eval\u00faa tanto la disponibilidad potencial de recursos org\u00e1nicos para la producci\u00f3n de biog\u00e1s como la demanda potencial en el \u00e1mbito de Castilla y Le\u00f3n.<\/p>\n<p>Se intenta proporcionar una visi\u00f3n integral de la oferta y demanda de biog\u00e1s. De esta forma, a trav\u00e9s de un enfoque riguroso y detallado, podremos identificar \u00e1reas con mayor potencial, permitiendo a las empresas y administraciones tomar decisiones informadas sobre el desarrollo y expansi\u00f3n del uso de biog\u00e1s como fuente de energ\u00eda renovable.<\/p>\n<p>Los datos mostrados son de elaboraci\u00f3n propia en gran parte, as\u00ed como obtenidos a partir de informaci\u00f3n geogr\u00e1fica p\u00fablica disponible.<\/p>\n<p>Descubre m\u00e1s sobre este estudio y c\u00f3mo contribuimos al desarrollo estrat\u00e9gico del biog\u00e1s en un mundo cada vez m\u00e1s comprometido con la sostenibilidad energ\u00e9tica.<\/p>\n\n<div class=\"wp-block-image\">\n<figure class=\"aligncenter size-full is-resized\"><img loading=\"lazy\" decoding=\"async\" width=\"2560\" height=\"1557\" src=\"https:\/\/www.biogascyl.info\/wp-content\/uploads\/2024\/10\/2301.i105.005.S.m005.c13.isometric-biogas-scaled.jpg\" alt=\"\" class=\"wp-image-743\" style=\"width:548px;height:auto\" srcset=\"https:\/\/www.biogascyl.info\/wp-content\/uploads\/2024\/10\/2301.i105.005.S.m005.c13.isometric-biogas-scaled.jpg 2560w, https:\/\/www.biogascyl.info\/wp-content\/uploads\/2024\/10\/2301.i105.005.S.m005.c13.isometric-biogas-300x182.jpg 300w, https:\/\/www.biogascyl.info\/wp-content\/uploads\/2024\/10\/2301.i105.005.S.m005.c13.isometric-biogas-1024x623.jpg 1024w, https:\/\/www.biogascyl.info\/wp-content\/uploads\/2024\/10\/2301.i105.005.S.m005.c13.isometric-biogas-768x467.jpg 768w, https:\/\/www.biogascyl.info\/wp-content\/uploads\/2024\/10\/2301.i105.005.S.m005.c13.isometric-biogas-1536x934.jpg 1536w, https:\/\/www.biogascyl.info\/wp-content\/uploads\/2024\/10\/2301.i105.005.S.m005.c13.isometric-biogas-2048x1245.jpg 2048w, https:\/\/www.biogascyl.info\/wp-content\/uploads\/2024\/10\/2301.i105.005.S.m005.c13.isometric-biogas-600x365.jpg 600w\" sizes=\"(max-width: 2560px) 100vw, 2560px\" \/><\/figure><\/div>","protected":false},"excerpt":{"rendered":"<p>El objetivo de esta web es difundir informaci\u00f3n t\u00e9cnica sobre el futuro desarrollo del sector del biogas &amp; biometano a [&hellip;]<\/p>\n","protected":false},"author":1,"featured_media":0,"parent":0,"menu_order":0,"comment_status":"closed","ping_status":"closed","template":"","meta":{"footnotes":""},"class_list":["post-609","page","type-page","status-publish","hentry"],"_links":{"self":[{"href":"https:\/\/www.biogascyl.info\/index.php?rest_route=\/wp\/v2\/pages\/609"}],"collection":[{"href":"https:\/\/www.biogascyl.info\/index.php?rest_route=\/wp\/v2\/pages"}],"about":[{"href":"https:\/\/www.biogascyl.info\/index.php?rest_route=\/wp\/v2\/types\/page"}],"author":[{"embeddable":true,"href":"https:\/\/www.biogascyl.info\/index.php?rest_route=\/wp\/v2\/users\/1"}],"replies":[{"embeddable":true,"href":"https:\/\/www.biogascyl.info\/index.php?rest_route=%2Fwp%2Fv2%2Fcomments&post=609"}],"version-history":[{"count":6,"href":"https:\/\/www.biogascyl.info\/index.php?rest_route=\/wp\/v2\/pages\/609\/revisions"}],"predecessor-version":[{"id":746,"href":"https:\/\/www.biogascyl.info\/index.php?rest_route=\/wp\/v2\/pages\/609\/revisions\/746"}],"wp:attachment":[{"href":"https:\/\/www.biogascyl.info\/index.php?rest_route=%2Fwp%2Fv2%2Fmedia&parent=609"}],"curies":[{"name":"wp","href":"https:\/\/api.w.org\/{rel}","templated":true}]}}