{"id":658,"date":"2024-09-30T12:00:07","date_gmt":"2024-09-30T12:00:07","guid":{"rendered":"https:\/\/www.biogascyl.info\/?page_id=658"},"modified":"2024-10-01T07:44:46","modified_gmt":"2024-10-01T07:44:46","slug":"estudio-estrategia-regional","status":"publish","type":"page","link":"https:\/\/www.biogascyl.info\/?page_id=658","title":{"rendered":"Estudio | Estrategia Regional"},"content":{"rendered":"\n<div class=\"wp-block-group\"><div class=\"wp-block-group__inner-container is-layout-constrained wp-block-group-is-layout-constrained\">\n<p>Actualmente la Junta de Castilla y Le\u00f3n trabaja en la elaboraci\u00f3n de un Plan Estrat\u00e9gico del Biog\u00e1s seg\u00fan anuncio del consejero de Medio Ambiente, Vivienda y Ordenaci\u00f3n del Territorio, Juan Carlos Su\u00e1rez-Qui\u00f1ones. El consejero ha situado la gesti\u00f3n de residuos entre los principales retos del sector agr\u00edcola y ganadero, entendi\u00e9ndose desde la Consejer\u00eda que los residuos en este \u00e1mbito tienen que caminar por la v\u00eda del biog\u00e1s. En este sentido expone que el Plan Estrat\u00e9gico del Biog\u00e1s, tendr\u00e1 como elementos fundamentales la agricultura y la ganader\u00eda.<\/p>\n\n\n\n<p>Adem\u00e1s, el consejero destac\u00f3 que la Junta cuenta con muchas iniciativas en bioeconom\u00eda, es innovadora en materia de biomasa y todas las energ\u00edas renovables, y el biog\u00e1s es fundamental en una Comunidad en la que no s\u00f3lo la agricultura, sino sobre todo la ganader\u00eda, generan numerosos residuos que tienen que ir al biog\u00e1s como forma de transformarlos en una nueva oportunidad y en un negocio econ\u00f3mico tambi\u00e9n, adem\u00e1s del beneficio medioambiental que supone.<\/p>\n<\/div><\/div>\n\n\n\n<div class=\"wp-block-group\"><div class=\"wp-block-group__inner-container is-layout-constrained wp-block-group-is-layout-constrained\">\n<div class=\"wp-block-columns is-layout-flex wp-container-core-columns-is-layout-1 wp-block-columns-is-layout-flex\">\n<div class=\"wp-block-column is-layout-flow wp-block-column-is-layout-flow\" style=\"flex-basis:100%\">\n<div class=\"wp-block-group\"><div class=\"wp-block-group__inner-container is-layout-constrained wp-block-group-is-layout-constrained\">\n<div class=\"wp-block-buttons is-content-justification-center is-layout-flex wp-container-core-buttons-is-layout-1 wp-block-buttons-is-layout-flex\">\n<div class=\"wp-block-button has-custom-width wp-block-button__width-50 has-custom-font-size is-style-fill has-medium-font-size\"><a class=\"wp-block-button__link has-background wp-element-button\" href=\"https:\/\/www.biogascyl.info\/?page_id=616\" style=\"border-radius:20px;background-color:#237518\"><strong><mark style=\"background-color:rgba(0, 0, 0, 0)\" class=\"has-inline-color has-white-color\">VISOR POTENCIAL RECURSOS M.O.<\/mark><\/strong><\/a><\/div>\n\n\n\n<div class=\"wp-block-button has-custom-width wp-block-button__width-50 has-custom-font-size has-medium-font-size\"><a class=\"wp-block-button__link has-background wp-element-button\" href=\"https:\/\/www.biogascyl.info\/?page_id=618\" style=\"border-radius:20px;background-color:#237518\"><strong><mark style=\"background-color:rgba(0, 0, 0, 0)\" class=\"has-inline-color has-white-color\">CUADRO DE MANDOS ESTUDIO RECURSO \u2013 DEMANDA<\/mark><\/strong><\/a><\/div>\n<\/div>\n<\/div><\/div>\n<\/div>\n<\/div>\n<\/div><\/div>\n\n\n\n<div style=\"height:38px\" aria-hidden=\"true\" class=\"wp-block-spacer\"><\/div>\n\n\n\n<div class=\"wp-block-columns is-layout-flex wp-container-core-columns-is-layout-2 wp-block-columns-is-layout-flex\">\n<div class=\"wp-block-column is-layout-flow wp-block-column-is-layout-flow\">\n<p><strong>*Hay que advertir que el visor no contiene la totalidad de los potenciales residuos valorizables ni tampoco est\u00e1n todas las futuras plantas de biog\u00e1s de Castilla y Le\u00f3n, ya que est\u00e1 informaci\u00f3n no es accesible p\u00fablicamente y va variando con el tiempo.<\/strong><\/p>\n\n\n\n<p><strong>*Cabe destacar que todos los datos se encuentran cuantificados en toneladas y por municipios:<\/strong><br><strong>Residuo domiciliario (toneladas):<\/strong><\/p>\n\n\n\n<ul class=\"wp-block-list\">\n<li><strong>Residuo domiciliario (toneladas): <\/strong>Fuente: JCyL. Muestran, en valores de toneladas, el potencial de generaci\u00f3n de materia org\u00e1nica contenida en los mismos.<\/li>\n\n\n\n<li><strong>Residuo domiciliario (toneladas): <\/strong>Fuente: JCyL. Muestran, en valores de toneladas, el potencial de generaci\u00f3n de materia org\u00e1nica contenida en los mismos.<\/li>\n\n\n\n<li>&nbsp;<strong>Lodos EDAR (toneladas):<\/strong> Fuente: datos IDECyL (2023) y estimaciones propias. Muestran, en valores de toneladas, el potencial de generaci\u00f3n de lodos.<\/li>\n\n\n\n<li><strong>Residuo disponible industria c\u00e1rnica (toneladas): <\/strong>Fuente: n\u00famero de industrias (ITACyL) y datos Ministerio de Agricultura (2023). Potencial de generaci\u00f3n de residuos de industria c\u00e1rnica:\n<ul class=\"wp-block-list\">\n<li>Lodos (toneladas).<\/li>\n\n\n\n<li>Subproductos animales (toneladas).<\/li>\n<\/ul>\n<\/li>\n\n\n\n<li><strong>Residuo disponible industria l\u00e1ctea (toneladas):<\/strong> Fuente: n\u00famero de industrias (ITACyL) y datos Ministerio de Agricultura (2023). Los residuos generados en las industrias l\u00e1cteas son principalmente residuos org\u00e1nicos derivados del proceso productivo y los residuos derivados de los procesos de tratamiento de aguas residuales como son las grasas retiradas y los fangos de los sistemas f\u00edsicoqu\u00edmicos y\/o biol\u00f3gicos.<\/li>\n\n\n\n<li><strong>Residuos disponible industria hort\u00edcola (toneladas): <\/strong>Fuente: n\u00famero de industrias (ITACyL) y datos Ministerio de Agricultura (2023).<\/li>\n\n\n\n<li><strong>Deyecciones ganaderas (toneladas): <\/strong>Fuente: censos ganaderos a\u00f1o 2023 del Ministerio de Agricultura y de la JCyL. Factores procedentes C\u00f3digo de Buenas Pr\u00e1cticas y de RD 324. Deyecciones asociadas a la caba\u00f1a ganadera y estimaci\u00f3n de cad\u00e1veres por especie, para lo cual y partiendo de nuevo de la caba\u00f1a ganadera y aplicando un % de mortalidad.<\/li>\n\n\n\n<li><strong>Residuo agr\u00edcola: ma\u00edz (toneladas): <\/strong>Fuente: Mapa de cultivos ITACyL y avances de superficies y producciones (JCyL), a\u00f1o 2023. An\u00e1lisis de residuos disponibles, procedentes del cultivo del maiz (t), realizado por GEPRECON para uso interno. Se ha obtenido por extracci\u00f3n de las superficies de dichos cereales cultivadas en cada t\u00e9rmino municipal, seg\u00fan el Mapa de cultivos de 2022, a las que se aplican los rendimientos provinciales seg\u00fan ESYRCE para obtener las producciones. Sobre estos datos se aplican factores de conversi\u00f3n de residuos y finalmente un factor de disponibilidad real de los mismos. o Residuo agr\u00edcola: trigo, cebada, centeno, avena (toneladas): Fuente: Mapa de cultivos ITACyL y avances de superficies y producciones (JCyL), a\u00f1o 2023. An\u00e1lisis de residuos disponibles, procedentes del cultivo del trigo, cebada, centeno, avena (t), realizado por GEPRECON para uso interno. Se ha obtenido por extracci\u00f3n de las superficies de dichos cereales cultivadas en cada t\u00e9rmino municipal, seg\u00fan el Mapa de cultivos de 2022, a las que se aplican los rendimientos provinciales seg\u00fan ESYRCE para obtener las producciones. Sobre estos datos se aplican factores de conversi\u00f3n de residuos y finalmente un factor de disponibilidad real de los mismos.<\/li>\n\n\n\n<li><strong>Capa Materia org\u00e1nica disponible total en toneladas:<\/strong> se trata de una capa que aglutina los valores num\u00e9ricos (en toneladas) de la suma de los residuos (a excepci\u00f3n del residuo domiciliario), representados a nivel municipal, para toda Castilla y Le\u00f3n. Se tratar\u00eda pues, de la capa \u201cresumen\u201d del estudio.<\/li>\n<\/ul>\n<\/div>\n\n\n\n<div class=\"wp-block-column is-layout-flow wp-block-column-is-layout-flow\">\n<ul class=\"wp-block-list\">\n<li><strong>Capa Materia org\u00e1nica disponible total en toneladas:<\/strong> se trata de una capa que aglutina los valores num\u00e9ricos (en toneladas) de la suma de los residuos (a excepci\u00f3n del residuo domiciliario), representados a nivel municipal, para toda Castilla y Le\u00f3n. Se tratar\u00eda pues, de la capa \u201cresumen\u201d del estudio.<\/li>\n<\/ul>\n<\/div>\n<\/div>\n\n\n\n<p><\/p>\n","protected":false},"excerpt":{"rendered":"<p>Actualmente la Junta de Castilla y Le\u00f3n trabaja en la elaboraci\u00f3n de un Plan Estrat\u00e9gico del Biog\u00e1s seg\u00fan anuncio del [&hellip;]<\/p>\n","protected":false},"author":2,"featured_media":0,"parent":0,"menu_order":0,"comment_status":"closed","ping_status":"closed","template":"","meta":{"footnotes":""},"class_list":["post-658","page","type-page","status-publish","hentry"],"_links":{"self":[{"href":"https:\/\/www.biogascyl.info\/index.php?rest_route=\/wp\/v2\/pages\/658"}],"collection":[{"href":"https:\/\/www.biogascyl.info\/index.php?rest_route=\/wp\/v2\/pages"}],"about":[{"href":"https:\/\/www.biogascyl.info\/index.php?rest_route=\/wp\/v2\/types\/page"}],"author":[{"embeddable":true,"href":"https:\/\/www.biogascyl.info\/index.php?rest_route=\/wp\/v2\/users\/2"}],"replies":[{"embeddable":true,"href":"https:\/\/www.biogascyl.info\/index.php?rest_route=%2Fwp%2Fv2%2Fcomments&post=658"}],"version-history":[{"count":16,"href":"https:\/\/www.biogascyl.info\/index.php?rest_route=\/wp\/v2\/pages\/658\/revisions"}],"predecessor-version":[{"id":755,"href":"https:\/\/www.biogascyl.info\/index.php?rest_route=\/wp\/v2\/pages\/658\/revisions\/755"}],"wp:attachment":[{"href":"https:\/\/www.biogascyl.info\/index.php?rest_route=%2Fwp%2Fv2%2Fmedia&parent=658"}],"curies":[{"name":"wp","href":"https:\/\/api.w.org\/{rel}","templated":true}]}}