{"id":779,"date":"2024-10-02T07:54:01","date_gmt":"2024-10-02T07:54:01","guid":{"rendered":"https:\/\/www.biogascyl.info\/?page_id=779"},"modified":"2024-10-02T07:57:42","modified_gmt":"2024-10-02T07:57:42","slug":"situacion-europea","status":"publish","type":"page","link":"https:\/\/www.biogascyl.info\/?page_id=779","title":{"rendered":"Situaci\u00f3n en Europa"},"content":{"rendered":"<p>La <a href=\"https:\/\/www.europeanbiogas.eu\/\">Asociaci\u00f3n Europea de Biog\u00e1s (EBA)<\/a> lanza anualmente un informe sobre el estado del biometano en Europa, y la \u00faltima edici\u00f3n presenta el siguiente panorama: Con un total de 1.548 instalaciones de biometano, el sector ha experimentado un impresionante aumento del 32% en comparaci\u00f3n con el a\u00f1o anterior, que contaba con 1.174 plantas. M\u00e1s de un 80% de estas instalaciones est\u00e1n ahora integradas en la red de gas, de las cuales el 49% se conecta a la distribuci\u00f3n y el 14% a la red de transporte.<\/p>\n<p>En este \u00faltimo informe han incorporado un <a href=\"https:\/\/europeanbiogas.clicdata.com\/v\/Yux1B2opYFds\">mapa tem\u00e1tico,<\/a> mostrado a continuaci\u00f3n, donde puede verse que Francia destaca en esta expansi\u00f3n, casi duplicando su capacidad, mientras que Italia ha cuadruplicado tanto el n\u00famero de plantas como su capacidad total. El Reino Unido y Dinamarca contin\u00faan figurando entre los principales productores, con Alemania liderando el camino en la producci\u00f3n de biometano.<\/p>\n<p>En contraste, Espa\u00f1a muestra un panorama desalentador con \u00fanicamente nueve plantas en funcionamiento, (solamente una de ellas en Castilla y Le\u00f3n) a pesar de su amplia superficie y un importante sector agr\u00edcola y ganadero. Esta situaci\u00f3n resalta una notable discrepancia respecto a otros pa\u00edses europeos. Al mismo nivel de Espa\u00f1a se encuentran los pa\u00edses de Europa del Este y Portugal, donde el desarrollo del biometano sigue siendo escaso.<\/p>\n\n\n<iframe loading=\"lazy\" src=\"https:\/\/europeanbiogas.clicdata.com\/v\/Yux1B2opYFds\" height=\"500\" width=\"4000\"><\/iframe>","protected":false},"excerpt":{"rendered":"<p>La Asociaci\u00f3n Europea de Biog\u00e1s (EBA) lanza anualmente un informe sobre el estado del biometano en Europa, y la \u00faltima [&hellip;]<\/p>\n","protected":false},"author":2,"featured_media":0,"parent":0,"menu_order":0,"comment_status":"closed","ping_status":"closed","template":"","meta":{"footnotes":""},"class_list":["post-779","page","type-page","status-publish","hentry"],"_links":{"self":[{"href":"https:\/\/www.biogascyl.info\/index.php?rest_route=\/wp\/v2\/pages\/779"}],"collection":[{"href":"https:\/\/www.biogascyl.info\/index.php?rest_route=\/wp\/v2\/pages"}],"about":[{"href":"https:\/\/www.biogascyl.info\/index.php?rest_route=\/wp\/v2\/types\/page"}],"author":[{"embeddable":true,"href":"https:\/\/www.biogascyl.info\/index.php?rest_route=\/wp\/v2\/users\/2"}],"replies":[{"embeddable":true,"href":"https:\/\/www.biogascyl.info\/index.php?rest_route=%2Fwp%2Fv2%2Fcomments&post=779"}],"version-history":[{"count":5,"href":"https:\/\/www.biogascyl.info\/index.php?rest_route=\/wp\/v2\/pages\/779\/revisions"}],"predecessor-version":[{"id":787,"href":"https:\/\/www.biogascyl.info\/index.php?rest_route=\/wp\/v2\/pages\/779\/revisions\/787"}],"wp:attachment":[{"href":"https:\/\/www.biogascyl.info\/index.php?rest_route=%2Fwp%2Fv2%2Fmedia&parent=779"}],"curies":[{"name":"wp","href":"https:\/\/api.w.org\/{rel}","templated":true}]}}